{"id":3862,"date":"2018-10-26T09:25:51","date_gmt":"2018-10-26T09:25:51","guid":{"rendered":"https:\/\/smartregio.edu.pl\/index.php\/homepages\/revolutionary\/"},"modified":"2023-02-03T11:54:06","modified_gmt":"2023-02-03T10:54:06","slug":"revolutionary","status":"publish","type":"page","link":"https:\/\/smartregio.edu.pl\/","title":{"rendered":"Revolutionary"},"content":{"rendered":"<section class=\"wpb-content-wrapper\"><p>[vc_section full_width=&#8221;stretch_row&#8221; scrolling_color=&#8221;#3d088e&#8221; background_image=&#8221;3924&#8243; background_position=&#8221;bottom center&#8221;][vc_row full_width=&#8221;stretch_row&#8221; background_size=&#8221;manual&#8221; background_image=&#8221;3934&#8243; background_size_manual=&#8221;100% auto&#8221; background_position=&#8221;bottom center&#8221;][vc_column][tm_spacer size=&#8221;lg:291&#8243;][tm_heading style=&#8221;modern-03&#8243; tag=&#8221;h6&#8243; custom_google_font=&#8221;&#8221; font_weight=&#8221;700&#8243; align=&#8221;center&#8221; text_color=&#8221;custom&#8221; custom_text_color=&#8221;#ffffff&#8221; text=&#8221;DLA KREATYWNYCH I OTWARTYCH&#8221; font_size=&#8221;lg:18&#8243; line_height=&#8221;1.84&#8243;][tm_spacer size=&#8221;lg:12&#8243;][tm_heading custom_google_font=&#8221;&#8221; font_weight=&#8221;700&#8243; align=&#8221;center&#8221; text_color=&#8221;custom&#8221; custom_text_color=&#8221;#ffffff&#8221; text=&#8221;kursy i szkolenia&#8221; font_size=&#8221;xs:60;sm:80;md:100;lg:120&#8243; line_height=&#8221;1.25&#8243;][tm_spacer size=&#8221;lg:45&#8243;][tm_button style=&#8221;solid&#8221; size=&#8221;custom&#8221; button=&#8221;url:%23|title:Otwarcie%20wkr%C3%B3tce&#8221; align=&#8221;center&#8221; color=&#8221;custom&#8221; font_color=&#8221;custom&#8221; button_border_color=&#8221;custom&#8221; button_bg_color_hover=&#8221;custom&#8221; font_color_hover=&#8221;custom&#8221; button_border_color_hover=&#8221;custom&#8221; custom_font_color=&#8221;#ffffff&#8221; custom_button_border_color=&#8221;rgba(255,255,255,0.27)&#8221; custom_button_bg_color_hover=&#8221;#ffffff&#8221; custom_font_color_hover=&#8221;#222222&#8243; custom_button_border_color_hover=&#8221;#ffffff&#8221; border_width=&#8221;2&#8243; height=&#8221;55&#8243;][tm_spacer size=&#8221;lg:220&#8243;][tm_separator style=&#8221;modern-dots-02&#8243; color=&#8221;custom&#8221; align=&#8221;center&#8221; smooth_scroll=&#8221;#section-who-we-are&#8221; custom_color=&#8221;#ffffff&#8221;][tm_spacer size=&#8221;lg:97&#8243;][\/vc_column][\/vc_row][\/vc_section][vc_row full_width=&#8221;stretch_row&#8221; background_size=&#8221;auto&#8221; scrolling_color=&#8221;#5e0891&#8243; el_id=&#8221;section-who-we-are&#8221; background_image=&#8221;3939&#8243; background_position=&#8221;bottom 20px left 128px&#8221;][vc_column][tm_heading style=&#8221;modern-03&#8243; tag=&#8221;h6&#8243; custom_google_font=&#8221;&#8221; align=&#8221;center&#8221; text_color=&#8221;custom&#8221; custom_text_color=&#8221;#ffffff&#8221; text=&#8221;Czym si\u0119 zajmujemy&#8221;][tm_spacer size=&#8221;lg:39&#8243;][tm_heading custom_google_font=&#8221;&#8221; align=&#8221;center&#8221; text_color=&#8221;custom&#8221; custom_text_color=&#8221;#ffffff&#8221; text=&#8221;Prowadzimy kursy i szkolenia dla wszystkich <mark>kreatywnych<\/mark> kt\u00f3rzy chc\u0105 wzbogaci\u0107 swoje umiej\u0119tno\u015bci.&#8221; font_size=&#8221;sm:28;md:34;lg:40&#8243; line_height=&#8221;1.7&#8243; max_width=&#8221;990px&#8221;][tm_spacer size=&#8221;lg:130&#8243;][\/vc_column][\/vc_row][vc_section disable_element=&#8221;yes&#8221; scrolling_color=&#8221;#ae2883&#8243;][vc_row full_width=&#8221;stretch_row_content&#8221; lg_spacing=&#8221;padding_right:85;padding_left:85&#8243; md_spacing=&#8221;padding_right:35;padding_left:35&#8243; sm_spacing=&#8221;padding_right:0;padding_left:0&#8243;][vc_column][tm_heading style=&#8221;modern-03&#8243; tag=&#8221;h6&#8243; custom_google_font=&#8221;&#8221; align=&#8221;center&#8221; text_color=&#8221;custom&#8221; custom_text_color=&#8221;#ffffff&#8221; text=&#8221;Featured Works&#8221;][tm_spacer size=&#8221;lg:79&#8243;][tm_portfolio style=&#8221;metro&#8221; metro_layout=&#8221;%5B%7B%22size%22%3A%222%3A2%22%7D%2C%7B%22size%22%3A%221%3A1%22%7D%2C%7B%22size%22%3A%221%3A1%22%7D%2C%7B%22size%22%3A%222%3A1%22%7D%5D&#8221; overlay_style=&#8221;caption&#8221; number=&#8221;4&#8243; columns=&#8221;xs:1;sm:2;lg:4&#8243; column_gutter=&#8221;sm:30;lg:50&#8243; row_gutter=&#8221;sm:30;lg:50&#8243; taxonomies=&#8221;portfolio_tags:revolutionary&#8221;][\/vc_column][\/vc_row][\/vc_section][vc_section disable_element=&#8221;yes&#8221; scrolling_color=&#8221;#f05874&#8243;][vc_row full_width=&#8221;stretch_row&#8221; background_size=&#8221;auto&#8221; background_image=&#8221;3899&#8243; background_position=&#8221;left top 170px&#8221;][vc_column][tm_spacer size=&#8221;lg:124&#8243;][tm_heading style=&#8221;modern-03&#8243; tag=&#8221;h6&#8243; custom_google_font=&#8221;&#8221; align=&#8221;center&#8221; text_color=&#8221;custom&#8221; custom_text_color=&#8221;#ffffff&#8221; text=&#8221;Blog Updates&#8221;][tm_spacer size=&#8221;lg:36&#8243;][tm_heading custom_google_font=&#8221;&#8221; align=&#8221;center&#8221; text_color=&#8221;custom&#8221; custom_text_color=&#8221;#ffffff&#8221; text=&#8221;Latest and greatest post&#8221; font_size=&#8221;sm:28;md:34;lg:40&#8243; line_height=&#8221;1.7&#8243;][tm_spacer size=&#8221;lg:72&#8243;][tm_blog style=&#8221;grid-minimal-faded&#8221; number=&#8221;3&#8243; columns=&#8221;xs:1;sm:2;lg:3&#8243; column_gutter=&#8221;sm:30;lg:60&#8243; row_gutter=&#8221;sm:30;lg:60&#8243;][\/vc_column][\/vc_row][vc_row full_width=&#8221;stretch_row&#8221; background_size=&#8221;auto&#8221; background_image=&#8221;3900&#8243; background_position=&#8221;top 80px right&#8221;][vc_column][tm_spacer size=&#8221;lg:130&#8243;][tm_heading style=&#8221;modern-03&#8243; tag=&#8221;h6&#8243; custom_google_font=&#8221;&#8221; align=&#8221;center&#8221; text_color=&#8221;custom&#8221; custom_text_color=&#8221;#ffffff&#8221; text=&#8221;Lovely Clients&#8221;][tm_spacer size=&#8221;lg:40&#8243;][tm_client style=&#8221;grid-no-border-small&#8221; effect=&#8221;move-up&#8221; gutter=&#8221;30&#8243; columns=&#8221;xs:1;sm:2;lg:4&#8243; items=&#8221;%5B%7B%22image%22%3A%223893%22%2C%22link%22%3A%22url%3A%2523%7Ctitle%3ATwitter%7C%7C%22%7D%2C%7B%22image%22%3A%223892%22%2C%22link%22%3A%22url%3A%2523%7Ctitle%3AAmazon%7C%7C%22%7D%2C%7B%22image%22%3A%223891%22%2C%22link%22%3A%22url%3A%2523%7Ctitle%3ADropbox%7C%7C%22%7D%2C%7B%22image%22%3A%223890%22%2C%22link%22%3A%22url%3A%2523%7Ctitle%3AAirbnb%7C%7C%22%7D%2C%7B%22image%22%3A%223889%22%2C%22link%22%3A%22url%3A%2523%7Ctitle%3AGroupon%7C%7C%22%7D%2C%7B%22image%22%3A%223888%22%2C%22link%22%3A%22url%3A%2523%7Ctitle%3AEnvato%7C%7C%22%7D%2C%7B%22image%22%3A%223887%22%2C%22link%22%3A%22url%3A%2523%7Ctitle%3AIBM%7C%7C%22%7D%2C%7B%22image%22%3A%223886%22%2C%22link%22%3A%22url%3A%2523%7Ctitle%3AGoogle%7C%7C%22%7D%5D&#8221;][\/vc_column][\/vc_row][\/vc_section][vc_section disable_element=&#8221;yes&#8221; scrolling_color=&#8221;#ff7e43&#8243;][vc_row full_width=&#8221;stretch_row_content&#8221; lg_spacing=&#8221;padding_right:90;padding_left:90&#8243; md_spacing=&#8221;padding_right:40;padding_left:40&#8243; sm_spacing=&#8221;padding_right:0;padding_left:0&#8243;][vc_column][tm_spacer size=&#8221;lg:154&#8243;][vc_row_inner][vc_column_inner][tm_heading style=&#8221;modern-03&#8243; tag=&#8221;h6&#8243; custom_google_font=&#8221;&#8221; align=&#8221;center&#8221; text_color=&#8221;custom&#8221; custom_text_color=&#8221;#ffffff&#8221; text=&#8221;Let\u2019s work together&#8221;][tm_spacer size=&#8221;lg:22&#8243;][tm_heading style=&#8221;below-thin-separator&#8221; tag=&#8221;h5&#8243; custom_google_font=&#8221;&#8221; align=&#8221;center&#8221; text_color=&#8221;custom&#8221; custom_text_color=&#8221;#ffffff&#8221; text=&#8221;brookstudio@thememove.com&#8221; font_size=&#8221;sm:28;md:34;lg:40&#8243;][tm_spacer size=&#8221;lg:89&#8243;][\/vc_column_inner][\/vc_row_inner][tm_spacer size=&#8221;lg:71&#8243;][vc_row_inner content_placement=&#8221;middle&#8221;][vc_column_inner width=&#8221;1\/3&#8243;][tm_heading tag=&#8221;div&#8221; custom_google_font=&#8221;&#8221; google_fonts=&#8221;font_family:Poppins%3A300%2Cregular%2C500%2C600%2C700|font_style:400%20regular%3A400%3Anormal&#8221; font_weight=&#8221;400&#8243; text_color=&#8221;custom&#8221; custom_text_color=&#8221;#ffffff&#8221; text=&#8221;Brook WordPress Theme<br \/>\n\u00a9 Designed in 2018 by <strong>ThemeMove<\/strong>&#8221; font_size=&#8221;lg:16&#8243; line_height=&#8221;1.875&#8243;][\/vc_column_inner][vc_column_inner width=&#8221;1\/3&#8243;][tm_image action=&#8221;go_to_home&#8221; align=&#8221;center&#8221; image=&#8221;22&#8243;][\/vc_column_inner][vc_column_inner width=&#8221;1\/3&#8243;][tm_social_networks style=&#8221;solid-rounded-icon&#8221; align=&#8221;right&#8221; xs_align=&#8221;center&#8221; items=&#8221;%5B%7B%22title%22%3A%22Facebook%22%2C%22link%22%3A%22%23%22%2C%22icon_fontawesome5%22%3A%22fab%20fa-facebook%22%7D%2C%7B%22title%22%3A%22Instagram%22%2C%22link%22%3A%22%23%22%2C%22icon_fontawesome5%22%3A%22fab%20fa-instagram%22%7D%2C%7B%22title%22%3A%22Twitter%22%2C%22link%22%3A%22%23%22%2C%22icon_fontawesome5%22%3A%22fab%20fa-twitter%22%7D%2C%7B%22title%22%3A%22Dribbble%22%2C%22link%22%3A%22%23%22%2C%22icon_fontawesome5%22%3A%22fab%20fa-dribbble%22%7D%5D&#8221; icon_color=&#8221;custom&#8221; custom_icon_color=&#8221;#ffffff&#8221; icon_hover_color=&#8221;custom&#8221; custom_icon_hover_color=&#8221;#222222&#8243; border_color=&#8221;transparent&#8221; border_hover_color=&#8221;transparent&#8221; background_color=&#8221;custom&#8221; custom_background_color=&#8221;rgba(255,255,255,0.18)&#8221; background_hover_color=&#8221;custom&#8221; custom_background_hover_color=&#8221;#ffffff&#8221;][\/vc_column_inner][\/vc_row_inner][tm_spacer size=&#8221;lg:78&#8243;][\/vc_column][\/vc_row][\/vc_section]<\/p>\n<\/section>","protected":false},"excerpt":{"rendered":"<p>[vc_section full_width=&#8221;stretch_row&#8221; scrolling_color=&#8221;#3d088e&#8221; background_image=&#8221;3924&#8243; background_position=&#8221;bottom center&#8221;][vc_row full_width=&#8221;stretch_row&#8221; background_size=&#8221;manual&#8221; background_image=&#8221;3934&#8243; background_size_manual=&#8221;100% auto&#8221; background_position=&#8221;bottom center&#8221;][vc_column][tm_spacer size=&#8221;lg:291&#8243;][tm_heading style=&#8221;modern-03&#8243; tag=&#8221;h6&#8243; custom_google_font=&#8221;&#8221; font_weight=&#8221;700&#8243; align=&#8221;center&#8221; text_color=&#8221;custom&#8221; custom_text_color=&#8221;#ffffff&#8221; text=&#8221;DLA KREATYWNYCH I OTWARTYCH&#8221; font_size=&#8221;lg:18&#8243; line_height=&#8221;1.84&#8243;][tm_spacer size=&#8221;lg:12&#8243;][tm_heading custom_google_font=&#8221;&#8221; font_weight=&#8221;700&#8243; align=&#8221;center&#8221; text_color=&#8221;custom&#8221; custom_text_color=&#8221;#ffffff&#8221; text=&#8221;kursy i szkolenia&#8221; font_size=&#8221;xs:60;sm:80;md:100;lg:120&#8243; line_height=&#8221;1.25&#8243;][tm_spacer size=&#8221;lg:45&#8243;][tm_button style=&#8221;solid&#8221; size=&#8221;custom&#8221; button=&#8221;url:%23|title:Otwarcie%20wkr%C3%B3tce&#8221; align=&#8221;center&#8221; color=&#8221;custom&#8221; font_color=&#8221;custom&#8221; button_border_color=&#8221;custom&#8221; button_bg_color_hover=&#8221;custom&#8221; font_color_hover=&#8221;custom&#8221; button_border_color_hover=&#8221;custom&#8221; custom_font_color=&#8221;#ffffff&#8221; custom_button_border_color=&#8221;rgba(255,255,255,0.27)&#8221; custom_button_bg_color_hover=&#8221;#ffffff&#8221; custom_font_color_hover=&#8221;#222222&#8243; custom_button_border_color_hover=&#8221;#ffffff&#8221; border_width=&#8221;2&#8243; height=&#8221;55&#8243;][tm_spacer size=&#8221;lg:220&#8243;][tm_separator style=&#8221;modern-dots-02&#8243; color=&#8221;custom&#8221; align=&#8221;center&#8221; smooth_scroll=&#8221;#section-who-we-are&#8221; custom_color=&#8221;#ffffff&#8221;][tm_spacer size=&#8221;lg:97&#8243;][\/vc_column][\/vc_row][\/vc_section][vc_row full_width=&#8221;stretch_row&#8221; background_size=&#8221;auto&#8221; scrolling_color=&#8221;#5e0891&#8243; el_id=&#8221;section-who-we-are&#8221; background_image=&#8221;3939&#8243; background_position=&#8221;bottom 20px left 128px&#8221;][vc_column][tm_heading style=&#8221;modern-03&#8243; tag=&#8221;h6&#8243; custom_google_font=&#8221;&#8221; align=&#8221;center&#8221; text_color=&#8221;custom&#8221; custom_text_color=&#8221;#ffffff&#8221; text=&#8221;Czym si\u0119 zajmujemy&#8221;][tm_spacer size=&#8221;lg:39&#8243;][tm_heading custom_google_font=&#8221;&#8221; align=&#8221;center&#8221; text_color=&#8221;custom&#8221; custom_text_color=&#8221;#ffffff&#8221; text=&#8221;Prowadzimy kursy i szkolenia dla wszystkich kreatywnych kt\u00f3rzy chc\u0105 wzbogaci\u0107 swoje umiej\u0119tno\u015bci.&#8221; font_size=&#8221;sm:28;md:34;lg:40&#8243; line_height=&#8221;1.7&#8243; max_width=&#8221;990px&#8221;][tm_spacer size=&#8221;lg:130&#8243;][\/vc_column][\/vc_row][vc_section disable_element=&#8221;yes&#8221; scrolling_color=&#8221;#ae2883&#8243;][vc_row full_width=&#8221;stretch_row_content&#8221; lg_spacing=&#8221;padding_right:85;padding_left:85&#8243; md_spacing=&#8221;padding_right:35;padding_left:35&#8243; sm_spacing=&#8221;padding_right:0;padding_left:0&#8243;][vc_column][tm_heading style=&#8221;modern-03&#8243; tag=&#8221;h6&#8243; custom_google_font=&#8221;&#8221; align=&#8221;center&#8221; text_color=&#8221;custom&#8221; custom_text_color=&#8221;#ffffff&#8221; text=&#8221;Featured Works&#8221;][tm_spacer size=&#8221;lg:79&#8243;][tm_portfolio style=&#8221;metro&#8221; metro_layout=&#8221;%5B%7B%22size%22%3A%222%3A2%22%7D%2C%7B%22size%22%3A%221%3A1%22%7D%2C%7B%22size%22%3A%221%3A1%22%7D%2C%7B%22size%22%3A%222%3A1%22%7D%5D&#8221; overlay_style=&#8221;caption&#8221; number=&#8221;4&#8243; columns=&#8221;xs:1;sm:2;lg:4&#8243; column_gutter=&#8221;sm:30;lg:50&#8243; row_gutter=&#8221;sm:30;lg:50&#8243; taxonomies=&#8221;portfolio_tags:revolutionary&#8221;][\/vc_column][\/vc_row][\/vc_section][vc_section disable_element=&#8221;yes&#8221; scrolling_color=&#8221;#f05874&#8243;][vc_row full_width=&#8221;stretch_row&#8221; background_size=&#8221;auto&#8221; background_image=&#8221;3899&#8243; background_position=&#8221;left top 170px&#8221;][vc_column][tm_spacer size=&#8221;lg:124&#8243;][tm_heading style=&#8221;modern-03&#8243; tag=&#8221;h6&#8243; custom_google_font=&#8221;&#8221; align=&#8221;center&#8221; text_color=&#8221;custom&#8221; custom_text_color=&#8221;#ffffff&#8221; text=&#8221;Blog Updates&#8221;][tm_spacer size=&#8221;lg:36&#8243;][tm_heading custom_google_font=&#8221;&#8221; align=&#8221;center&#8221; text_color=&#8221;custom&#8221; custom_text_color=&#8221;#ffffff&#8221; text=&#8221;Latest and greatest post&#8221; font_size=&#8221;sm:28;md:34;lg:40&#8243; line_height=&#8221;1.7&#8243;][tm_spacer size=&#8221;lg:72&#8243;][tm_blog style=&#8221;grid-minimal-faded&#8221; number=&#8221;3&#8243; columns=&#8221;xs:1;sm:2;lg:3&#8243; column_gutter=&#8221;sm:30;lg:60&#8243; row_gutter=&#8221;sm:30;lg:60&#8243;][\/vc_column][\/vc_row][vc_row full_width=&#8221;stretch_row&#8221; background_size=&#8221;auto&#8221; background_image=&#8221;3900&#8243; background_position=&#8221;top 80px right&#8221;][vc_column][tm_spacer size=&#8221;lg:130&#8243;][tm_heading style=&#8221;modern-03&#8243; tag=&#8221;h6&#8243; custom_google_font=&#8221;&#8221; align=&#8221;center&#8221; text_color=&#8221;custom&#8221; custom_text_color=&#8221;#ffffff&#8221; text=&#8221;Lovely Clients&#8221;][tm_spacer size=&#8221;lg:40&#8243;][tm_client style=&#8221;grid-no-border-small&#8221; effect=&#8221;move-up&#8221; gutter=&#8221;30&#8243; columns=&#8221;xs:1;sm:2;lg:4&#8243; items=&#8221;%5B%7B%22image%22%3A%223893%22%2C%22link%22%3A%22url%3A%2523%7Ctitle%3ATwitter%7C%7C%22%7D%2C%7B%22image%22%3A%223892%22%2C%22link%22%3A%22url%3A%2523%7Ctitle%3AAmazon%7C%7C%22%7D%2C%7B%22image%22%3A%223891%22%2C%22link%22%3A%22url%3A%2523%7Ctitle%3ADropbox%7C%7C%22%7D%2C%7B%22image%22%3A%223890%22%2C%22link%22%3A%22url%3A%2523%7Ctitle%3AAirbnb%7C%7C%22%7D%2C%7B%22image%22%3A%223889%22%2C%22link%22%3A%22url%3A%2523%7Ctitle%3AGroupon%7C%7C%22%7D%2C%7B%22image%22%3A%223888%22%2C%22link%22%3A%22url%3A%2523%7Ctitle%3AEnvato%7C%7C%22%7D%2C%7B%22image%22%3A%223887%22%2C%22link%22%3A%22url%3A%2523%7Ctitle%3AIBM%7C%7C%22%7D%2C%7B%22image%22%3A%223886%22%2C%22link%22%3A%22url%3A%2523%7Ctitle%3AGoogle%7C%7C%22%7D%5D&#8221;][\/vc_column][\/vc_row][\/vc_section][vc_section disable_element=&#8221;yes&#8221; scrolling_color=&#8221;#ff7e43&#8243;][vc_row full_width=&#8221;stretch_row_content&#8221; lg_spacing=&#8221;padding_right:90;padding_left:90&#8243; md_spacing=&#8221;padding_right:40;padding_left:40&#8243; sm_spacing=&#8221;padding_right:0;padding_left:0&#8243;][vc_column][tm_spacer size=&#8221;lg:154&#8243;][vc_row_inner][vc_column_inner][tm_heading style=&#8221;modern-03&#8243; tag=&#8221;h6&#8243; custom_google_font=&#8221;&#8221; align=&#8221;center&#8221; text_color=&#8221;custom&#8221; custom_text_color=&#8221;#ffffff&#8221; text=&#8221;Let\u2019s work together&#8221;][tm_spacer size=&#8221;lg:22&#8243;][tm_heading style=&#8221;below-thin-separator&#8221; tag=&#8221;h5&#8243; custom_google_font=&#8221;&#8221; align=&#8221;center&#8221; text_color=&#8221;custom&#8221; custom_text_color=&#8221;#ffffff&#8221; text=&#8221;brookstudio@thememove.com&#8221; font_size=&#8221;sm:28;md:34;lg:40&#8243;][tm_spacer size=&#8221;lg:89&#8243;][\/vc_column_inner][\/vc_row_inner][tm_spacer size=&#8221;lg:71&#8243;][vc_row_inner content_placement=&#8221;middle&#8221;][vc_column_inner width=&#8221;1\/3&#8243;][tm_heading tag=&#8221;div&#8221; custom_google_font=&#8221;&#8221; google_fonts=&#8221;font_family:Poppins%3A300%2Cregular%2C500%2C600%2C700|font_style:400%20regular%3A400%3Anormal&#8221; font_weight=&#8221;400&#8243; text_color=&#8221;custom&#8221; custom_text_color=&#8221;#ffffff&#8221; text=&#8221;Brook WordPress Theme \u00a9 Designed in 2018 by ThemeMove&#8221; font_size=&#8221;lg:16&#8243; line_height=&#8221;1.875&#8243;][\/vc_column_inner][vc_column_inner width=&#8221;1\/3&#8243;][tm_image action=&#8221;go_to_home&#8221; align=&#8221;center&#8221; image=&#8221;22&#8243;][\/vc_column_inner][vc_column_inner width=&#8221;1\/3&#8243;][tm_social_networks style=&#8221;solid-rounded-icon&#8221; align=&#8221;right&#8221; xs_align=&#8221;center&#8221; items=&#8221;%5B%7B%22title%22%3A%22Facebook%22%2C%22link%22%3A%22%23%22%2C%22icon_fontawesome5%22%3A%22fab%20fa-facebook%22%7D%2C%7B%22title%22%3A%22Instagram%22%2C%22link%22%3A%22%23%22%2C%22icon_fontawesome5%22%3A%22fab%20fa-instagram%22%7D%2C%7B%22title%22%3A%22Twitter%22%2C%22link%22%3A%22%23%22%2C%22icon_fontawesome5%22%3A%22fab%20fa-twitter%22%7D%2C%7B%22title%22%3A%22Dribbble%22%2C%22link%22%3A%22%23%22%2C%22icon_fontawesome5%22%3A%22fab%20fa-dribbble%22%7D%5D&#8221; icon_color=&#8221;custom&#8221; custom_icon_color=&#8221;#ffffff&#8221; icon_hover_color=&#8221;custom&#8221; custom_icon_hover_color=&#8221;#222222&#8243; border_color=&#8221;transparent&#8221; border_hover_color=&#8221;transparent&#8221; background_color=&#8221;custom&#8221; custom_background_color=&#8221;rgba(255,255,255,0.18)&#8221; background_hover_color=&#8221;custom&#8221; custom_background_hover_color=&#8221;#ffffff&#8221;][\/vc_column_inner][\/vc_row_inner][tm_spacer size=&#8221;lg:78&#8243;][\/vc_column][\/vc_row][\/vc_section]<\/p>\n","protected":false},"author":1,"featured_media":0,"parent":1335,"menu_order":0,"comment_status":"closed","ping_status":"closed","template":"","meta":{"inline_featured_image":false,"footnotes":""},"class_list":["post-3862","page","type-page","status-publish","hentry","post-no-thumbnail"],"_links":{"self":[{"href":"https:\/\/smartregio.edu.pl\/index.php\/wp-json\/wp\/v2\/pages\/3862","targetHints":{"allow":["GET"]}}],"collection":[{"href":"https:\/\/smartregio.edu.pl\/index.php\/wp-json\/wp\/v2\/pages"}],"about":[{"href":"https:\/\/smartregio.edu.pl\/index.php\/wp-json\/wp\/v2\/types\/page"}],"author":[{"embeddable":true,"href":"https:\/\/smartregio.edu.pl\/index.php\/wp-json\/wp\/v2\/users\/1"}],"replies":[{"embeddable":true,"href":"https:\/\/smartregio.edu.pl\/index.php\/wp-json\/wp\/v2\/comments?post=3862"}],"version-history":[{"count":4,"href":"https:\/\/smartregio.edu.pl\/index.php\/wp-json\/wp\/v2\/pages\/3862\/revisions"}],"predecessor-version":[{"id":5377,"href":"https:\/\/smartregio.edu.pl\/index.php\/wp-json\/wp\/v2\/pages\/3862\/revisions\/5377"}],"up":[{"embeddable":true,"href":"https:\/\/smartregio.edu.pl\/index.php\/wp-json\/wp\/v2\/pages\/1335"}],"wp:attachment":[{"href":"https:\/\/smartregio.edu.pl\/index.php\/wp-json\/wp\/v2\/media?parent=3862"}],"curies":[{"name":"wp","href":"https:\/\/api.w.org\/{rel}","templated":true}]}}